{"id":70,"date":"2022-06-14T10:47:36","date_gmt":"2022-06-14T10:47:36","guid":{"rendered":"https:\/\/themepure.net\/wp\/nerox\/?page_id=70"},"modified":"2025-07-07T21:24:04","modified_gmt":"2025-07-07T21:24:04","slug":"team-2","status":"publish","type":"page","link":"https:\/\/beta.wecomunicaciones.cl\/index.php\/team-2\/","title":{"rendered":"Qui\u00e9nes Somos"},"content":{"rendered":"\t\t<div data-elementor-type=\"wp-page\" data-elementor-id=\"70\" class=\"elementor elementor-70\">\n\t\t\t\t\t\t<section class=\"elementor-section elementor-top-section elementor-element elementor-element-3acd3c6 elementor-section-full_width elementor-section-height-default elementor-section-height-default\" data-id=\"3acd3c6\" data-element_type=\"section\">\n\t\t\t\t\t\t<div class=\"elementor-container elementor-column-gap-default\">\n\t\t\t\t\t<div class=\"elementor-column elementor-col-100 elementor-top-column elementor-element elementor-element-89669a0\" data-id=\"89669a0\" data-element_type=\"column\">\n\t\t\t<div class=\"elementor-widget-wrap elementor-element-populated\">\n\t\t\t\t\t\t<div class=\"elementor-element elementor-element-b6a7c3e elementor-widget elementor-widget-tp-team\" data-id=\"b6a7c3e\" data-element_type=\"widget\" data-widget_type=\"tp-team.default\">\n\t\t\t\t<div class=\"elementor-widget-container\">\n\t\t\t\t\t\r\n        <!-- style 2 -->\r\n        \r\n        <div class=\"team-area pt-140 pb-70\">\r\n            <div class=\"container\">\r\n               <div class=\"row\">\r\n                \r\n                  <div class=\"col-xl-4 col-lg-4 col-md-6 col-12\">\r\n                     <div class=\"tpteam text-center mb-60\">\r\n                        \r\n                        <div class=\"tpteam__img\">\r\n                                                       <img decoding=\"async\" src=\"https:\/\/beta.wecomunicaciones.cl\/wp-content\/uploads\/2025\/07\/2-1.png\" alt=\"\">\r\n                           \r\n                            \r\n                           <div class=\"tpteam__social tp-el-box-social\">\r\n                                \r\n\r\n                                                                <a href=\"mailto:http:\/\/juancarlos@wecomunicaciones.cl\"><i class=\"fa-regular fa-envelope\"><\/i><\/a>\r\n                                  \r\n\r\n                                                                <a href=\"tell:http:\/\/+56961695864\"><i class=\"fa-regular fa-phone\"><\/i><\/a>\r\n                                  \r\n\r\n                                \r\n                                \r\n                                \r\n                                                                <a href=\"https:\/\/www.linkedin.com\/in\/jctorres\/\"><i class=\"fa-brands fa-linkedin-in\"><\/i><\/a>\r\n                                \r\n                                \r\n                                \r\n                                \r\n                                \r\n                                \r\n                                \r\n                                \r\n                                                           <\/div>\r\n                                                    <\/div>\r\n                        <div class=\"tpteam__text\">\r\n\r\n                           <h3 class=\"tpteam-title tp-el-box-title\"><a href=\"\">Juan Carlos Torres Castro<\/a><\/h3>\r\n                                                       <span class=\"team-designation tp-el-box-subtitle\">Socio Director Asuntos P\u00fablicos &amp; Gran Empresa | Periodista, Mag\u00edster en Comunicaci\u00f3n Estrat\u00e9gica, Marketing y Negocios<\/span>\r\n                                                        \r\n                        <\/div>\r\n                     <\/div>\r\n                  <\/div>\r\n                  \r\n                  <div class=\"col-xl-4 col-lg-4 col-md-6 col-12\">\r\n                     <div class=\"tpteam text-center mb-60\">\r\n                        \r\n                        <div class=\"tpteam__img\">\r\n                                                       <img decoding=\"async\" src=\"https:\/\/beta.wecomunicaciones.cl\/wp-content\/uploads\/2025\/07\/3-1.png\" alt=\"\">\r\n                           \r\n                            \r\n                           <div class=\"tpteam__social tp-el-box-social\">\r\n                                \r\n\r\n                                                                <a href=\"mailto:http:\/\/julio@wecomunicaciones.cl\"><i class=\"fa-regular fa-envelope\"><\/i><\/a>\r\n                                  \r\n\r\n                                                                <a href=\"tell:http:\/\/+56966474239\"><i class=\"fa-regular fa-phone\"><\/i><\/a>\r\n                                  \r\n\r\n                                \r\n                                \r\n                                \r\n                                                                <a href=\"https:\/\/www.linkedin.com\/in\/julio-sanchez-agurto\/\"><i class=\"fa-brands fa-linkedin-in\"><\/i><\/a>\r\n                                \r\n                                \r\n                                \r\n                                \r\n                                \r\n                                \r\n                                \r\n                                \r\n                                                           <\/div>\r\n                                                    <\/div>\r\n                        <div class=\"tpteam__text\">\r\n\r\n                           <h3 class=\"tpteam-title tp-el-box-title\"><a href=\"\">Julio S\u00e1nchez A.<\/a><\/h3>\r\n                                                       <span class=\"team-designation tp-el-box-subtitle\">Socio Director Comunicaciones &amp; Medios | Periodista, Mag\u00edster en Comunicaci\u00f3n Estrat\u00e9gica y Digital<\/span>\r\n                                                        \r\n                        <\/div>\r\n                     <\/div>\r\n                  <\/div>\r\n                  \r\n                  <div class=\"col-xl-4 col-lg-4 col-md-6 col-12\">\r\n                     <div class=\"tpteam text-center mb-60\">\r\n                        \r\n                        <div class=\"tpteam__img\">\r\n                                                       <img decoding=\"async\" src=\"https:\/\/beta.wecomunicaciones.cl\/wp-content\/uploads\/2025\/07\/1-1.png\" alt=\"\">\r\n                           \r\n                            \r\n                           <div class=\"tpteam__social tp-el-box-social\">\r\n                                \r\n\r\n                                                                <a href=\"mailto:http:\/\/ariel@wecomunicaciones.cl\"><i class=\"fa-regular fa-envelope\"><\/i><\/a>\r\n                                  \r\n\r\n                                                                <a href=\"tell:http:\/\/+56963107156\"><i class=\"fa-regular fa-phone\"><\/i><\/a>\r\n                                  \r\n\r\n                                \r\n                                \r\n                                                                <a href=\"https:\/\/www.instagram.com\/arielceaparra\/\"><i class=\"fa-brands fa-instagram\"><\/i><\/a>\r\n                                \r\n                                                                <a href=\"https:\/\/www.linkedin.com\/in\/arielceaparra\/\"><i class=\"fa-brands fa-linkedin-in\"><\/i><\/a>\r\n                                \r\n                                                                <a href=\"https:\/\/www.youtube.com\/@arielceaparra\"><i class=\"fa-brands fa-youtube\"><\/i><\/a>\r\n                                \r\n                                \r\n                                \r\n                                \r\n                                \r\n                                \r\n                                \r\n                                                           <\/div>\r\n                                                    <\/div>\r\n                        <div class=\"tpteam__text\">\r\n\r\n                           <h3 class=\"tpteam-title tp-el-box-title\"><a href=\"\">Ariel C\u00eba Parra<\/a><\/h3>\r\n                                                       <span class=\"team-designation tp-el-box-subtitle\">Socio Director Advertising &amp; Marketing | Publicista, Comunicador audiovisual, director creativo<\/span>\r\n                                                        \r\n                        <\/div>\r\n                     <\/div>\r\n                  <\/div>\r\n                                 <\/div>\r\n            <\/div>\r\n         <\/div>\r\n\r\n\r\n\r\n\r\n        <!-- style default -->\r\n          \r\n\r\n        \t\t\t\t<\/div>\n\t\t\t\t<\/div>\n\t\t\t\t\t<\/div>\n\t\t<\/div>\n\t\t\t\t\t<\/div>\n\t\t<\/section>\n\t\t\t\t<\/div>\n\t\t","protected":false},"excerpt":{"rendered":"<p>Juan Carlos Torres Castro Socio Director Asuntos P\u00fablicos &amp; Gran Empresa | Periodista, Mag\u00edster en Comunicaci\u00f3n Estrat\u00e9gica, Marketing y Negocios Julio S\u00e1nchez A. Socio Director Comunicaciones &amp; Medios | Periodista, Mag\u00edster en Comunicaci\u00f3n Estrat\u00e9gica y Digital Ariel C\u00eba Parra Socio Director Advertising &amp; Marketing | Publicista, Comunicador audiovisual, director creativo<\/p>\n","protected":false},"author":1,"featured_media":0,"parent":0,"menu_order":0,"comment_status":"closed","ping_status":"closed","template":"elementor_header_footer","meta":{"_acf_changed":false,"footnotes":""},"class_list":["post-70","page","type-page","status-publish","hentry"],"acf":[],"_links":{"self":[{"href":"https:\/\/beta.wecomunicaciones.cl\/index.php\/wp-json\/wp\/v2\/pages\/70","targetHints":{"allow":["GET"]}}],"collection":[{"href":"https:\/\/beta.wecomunicaciones.cl\/index.php\/wp-json\/wp\/v2\/pages"}],"about":[{"href":"https:\/\/beta.wecomunicaciones.cl\/index.php\/wp-json\/wp\/v2\/types\/page"}],"author":[{"embeddable":true,"href":"https:\/\/beta.wecomunicaciones.cl\/index.php\/wp-json\/wp\/v2\/users\/1"}],"replies":[{"embeddable":true,"href":"https:\/\/beta.wecomunicaciones.cl\/index.php\/wp-json\/wp\/v2\/comments?post=70"}],"version-history":[{"count":22,"href":"https:\/\/beta.wecomunicaciones.cl\/index.php\/wp-json\/wp\/v2\/pages\/70\/revisions"}],"predecessor-version":[{"id":3399,"href":"https:\/\/beta.wecomunicaciones.cl\/index.php\/wp-json\/wp\/v2\/pages\/70\/revisions\/3399"}],"wp:attachment":[{"href":"https:\/\/beta.wecomunicaciones.cl\/index.php\/wp-json\/wp\/v2\/media?parent=70"}],"curies":[{"name":"wp","href":"https:\/\/api.w.org\/{rel}","templated":true}]}}